{"id":509,"date":"2026-03-27T23:43:33","date_gmt":"2026-03-28T03:43:33","guid":{"rendered":"https:\/\/appliedmassagepr.com\/?post_type=product&#038;p=509"},"modified":"2026-05-06T12:06:25","modified_gmt":"2026-05-06T16:06:25","slug":"certificado-de-regalo","status":"publish","type":"product","link":"https:\/\/appliedmassagepr.com\/?product=certificado-de-regalo","title":{"rendered":"Certificado de Regalo"},"content":{"rendered":"<p>Regala momentos de serenidad \u2728<\/p>\n<p>Sorprende a esa persona especial con un masaje relajante dise\u00f1ado para aliviar tensiones y renovar energ\u00edas. Es el detalle ideal para demostrar cu\u00e1nto te importa su bienestar en esta \u00e9poca tan significativa.<\/p>\n<p>\u00bfC\u00f3mo funciona? Es muy sencillo:<\/p>\n<p>&#8211; Compra el certificado de regalo en nuestra plataforma.<\/p>\n<p>&#8211; Personaliza el detalle: Escribe el nombre, el correo electr\u00f3nico y un mensaje especial para el destinatario.<\/p>\n<p>&#8211; Env\u00edo instant\u00e1neo: Autom\u00e1ticamente, ese ser querido recibir\u00e1 un correo electr\u00f3nico con su certificado personalizado.<\/p>\n<p>&#8211; Flexibilidad total: Con su certificado en mano, podr\u00e1 programar la cita en el horario de su preferencia.<\/p>\n<p>\u00a1Haz que se sientan cuidados y consentidos! Compra tu certificado de regalo hoy.<\/p>\n","protected":false},"excerpt":{"rendered":"<p>Regala momentos de serenidad \u2728 Sorprende a esa persona especial con un masaje relajante dise\u00f1ado para aliviar tensiones y renovar [&hellip;]<\/p>\n","protected":false},"featured_media":770,"template":"","meta":{"site-sidebar-layout":"default","site-content-layout":"","ast-site-content-layout":"default","site-content-style":"default","site-sidebar-style":"default","ast-global-header-display":"","ast-banner-title-visibility":"","ast-main-header-display":"","ast-hfb-above-header-display":"","ast-hfb-below-header-display":"","ast-hfb-mobile-header-display":"","site-post-title":"","ast-breadcrumbs-content":"","ast-featured-img":"","footer-sml-layout":"","ast-disable-related-posts":"","theme-transparent-header-meta":"default","adv-header-id-meta":"","stick-header-meta":"","header-above-stick-meta":"","header-main-stick-meta":"","header-below-stick-meta":"","astra-migrate-meta-layouts":"set","ast-page-background-enabled":"default","ast-page-background-meta":{"desktop":{"background-color":"var(--ast-global-color-5)","background-image":"","background-repeat":"repeat","background-position":"center center","background-size":"auto","background-attachment":"scroll","background-type":"","background-media":"","overlay-type":"","overlay-color":"","overlay-opacity":"","overlay-gradient":""},"tablet":{"background-color":"","background-image":"","background-repeat":"repeat","background-position":"center center","background-size":"auto","background-attachment":"scroll","background-type":"","background-media":"","overlay-type":"","overlay-color":"","overlay-opacity":"","overlay-gradient":""},"mobile":{"background-color":"","background-image":"","background-repeat":"repeat","background-position":"center center","background-size":"auto","background-attachment":"scroll","background-type":"","background-media":"","overlay-type":"","overlay-color":"","overlay-opacity":"","overlay-gradient":""}},"ast-content-background-meta":{"desktop":{"background-color":"var(--ast-global-color-4)","background-image":"","background-repeat":"repeat","background-position":"center center","background-size":"auto","background-attachment":"scroll","background-type":"","background-media":"","overlay-type":"","overlay-color":"","overlay-opacity":"","overlay-gradient":""},"tablet":{"background-color":"var(--ast-global-color-4)","background-image":"","background-repeat":"repeat","background-position":"center center","background-size":"auto","background-attachment":"scroll","background-type":"","background-media":"","overlay-type":"","overlay-color":"","overlay-opacity":"","overlay-gradient":""},"mobile":{"background-color":"var(--ast-global-color-4)","background-image":"","background-repeat":"repeat","background-position":"center center","background-size":"auto","background-attachment":"scroll","background-type":"","background-media":"","overlay-type":"","overlay-color":"","overlay-opacity":"","overlay-gradient":""}}},"product_brand":[],"product_cat":[21],"product_tag":[],"class_list":{"0":"post-509","1":"product","2":"type-product","3":"status-publish","4":"has-post-thumbnail","6":"product_cat-certificados","7":"desktop-align-left","8":"tablet-align-left","9":"mobile-align-left","11":"first","12":"instock","13":"virtual","14":"sold-individually","15":"purchasable","16":"product-type-gift_certificate"},"_links":{"self":[{"href":"https:\/\/appliedmassagepr.com\/index.php?rest_route=\/wp\/v2\/product\/509","targetHints":{"allow":["GET"]}}],"collection":[{"href":"https:\/\/appliedmassagepr.com\/index.php?rest_route=\/wp\/v2\/product"}],"about":[{"href":"https:\/\/appliedmassagepr.com\/index.php?rest_route=\/wp\/v2\/types\/product"}],"wp:featuredmedia":[{"embeddable":true,"href":"https:\/\/appliedmassagepr.com\/index.php?rest_route=\/wp\/v2\/media\/770"}],"wp:attachment":[{"href":"https:\/\/appliedmassagepr.com\/index.php?rest_route=%2Fwp%2Fv2%2Fmedia&parent=509"}],"wp:term":[{"taxonomy":"product_brand","embeddable":true,"href":"https:\/\/appliedmassagepr.com\/index.php?rest_route=%2Fwp%2Fv2%2Fproduct_brand&post=509"},{"taxonomy":"product_cat","embeddable":true,"href":"https:\/\/appliedmassagepr.com\/index.php?rest_route=%2Fwp%2Fv2%2Fproduct_cat&post=509"},{"taxonomy":"product_tag","embeddable":true,"href":"https:\/\/appliedmassagepr.com\/index.php?rest_route=%2Fwp%2Fv2%2Fproduct_tag&post=509"}],"curies":[{"name":"wp","href":"https:\/\/api.w.org\/{rel}","templated":true}]}}